{"id":74,"date":"2025-08-25T17:12:41","date_gmt":"2025-08-25T20:12:41","guid":{"rendered":"https:\/\/ostomizadosdeleme.org.br\/noticias\/?page_id=74"},"modified":"2025-08-25T18:06:59","modified_gmt":"2025-08-25T21:06:59","slug":"destaques","status":"publish","type":"page","link":"https:\/\/ostomizadosdeleme.org.br\/noticias\/destaques\/","title":{"rendered":"Destaques"},"content":{"rendered":"<div class=\"pt-cv-wrapper\"><div class=\"pt-cv-view pt-cv-grid pt-cv-colsys\" id=\"pt-cv-view-617ad4ad81\"><div data-id=\"pt-cv-page-1\" class=\"pt-cv-page\" data-cvc=\"3\"><div class=\"col-md-4 col-sm-12 col-xs-12 pt-cv-content-item pt-cv-1-col\" ><div class='pt-cv-ifield'><a href=\"https:\/\/ostomizadosdeleme.org.br\/noticias\/2025\/08\/25\/vida-com-ostomia-cuidados-gerais-para-mais-saude-e-qualidade-de-vida\/\" class=\"_blank pt-cv-href-thumbnail pt-cv-thumb-default\" target=\"_blank\" ><img fetchpriority=\"high\" decoding=\"async\" width=\"640\" height=\"400\" src=\"https:\/\/ostomizadosdeleme.org.br\/noticias\/wp-content\/uploads\/2025\/08\/Cover-37-640x400.jpg\" class=\"pt-cv-thumbnail\" alt=\"\" srcset=\"https:\/\/ostomizadosdeleme.org.br\/noticias\/wp-content\/uploads\/2025\/08\/Cover-37-640x400.jpg 640w, https:\/\/ostomizadosdeleme.org.br\/noticias\/wp-content\/uploads\/2025\/08\/Cover-37-480x300.jpg 480w\" sizes=\"(max-width: 640px) 100vw, 640px\" \/><\/a>\n<div class=\"pt-cv-taxoterm above_title\"><a href='https:\/\/ostomizadosdeleme.org.br\/noticias\/category\/sem-categoria\/' title='Sem categoria' class='pt-cv-tax-sem-categoria'>Sem categoria<\/a><\/div>\n<h4 class=\"pt-cv-title\"><a href=\"https:\/\/ostomizadosdeleme.org.br\/noticias\/2025\/08\/25\/vida-com-ostomia-cuidados-gerais-para-mais-saude-e-qualidade-de-vida\/\" class=\"_blank\" target=\"_blank\" >Vida com ostomia: cuidados gerais para mais sa\u00fade e qualidade de vida<\/a><\/h4>\n<div class=\"pt-cv-content\">Receber uma ostomia pode parecer, num primeiro momento, uma grande mudan\u00e7a de rotina. Mas com os cuidados certos e acompanhamento ...<br \/><div class=\"pt-cv-rmwrap\"><a href=\"https:\/\/ostomizadosdeleme.org.br\/noticias\/2025\/08\/25\/vida-com-ostomia-cuidados-gerais-para-mais-saude-e-qualidade-de-vida\/\" class=\"_blank pt-cv-readmore btn btn-success\" target=\"_blank\">Leia Mais<\/a><\/div><\/div><\/div><\/div>\n<div class=\"col-md-4 col-sm-12 col-xs-12 pt-cv-content-item pt-cv-1-col\" ><div class='pt-cv-ifield'><a href=\"https:\/\/ostomizadosdeleme.org.br\/noticias\/2025\/08\/25\/bazar-solidario-da-associacao-dos-ostomizados-de-leme-sua-doacao-transforma-vidas\/\" class=\"_blank pt-cv-href-thumbnail pt-cv-thumb-default\" target=\"_blank\" ><img decoding=\"async\" width=\"640\" height=\"400\" src=\"https:\/\/ostomizadosdeleme.org.br\/noticias\/wp-content\/uploads\/2025\/08\/536156787-1227421932469012-1285814860362067399-n-1080x1080-1-640x400.webp\" class=\"pt-cv-thumbnail\" alt=\"\" srcset=\"https:\/\/ostomizadosdeleme.org.br\/noticias\/wp-content\/uploads\/2025\/08\/536156787-1227421932469012-1285814860362067399-n-1080x1080-1-640x400.webp 640w, https:\/\/ostomizadosdeleme.org.br\/noticias\/wp-content\/uploads\/2025\/08\/536156787-1227421932469012-1285814860362067399-n-1080x1080-1-480x300.webp 480w\" sizes=\"(max-width: 640px) 100vw, 640px\" \/><\/a>\n<div class=\"pt-cv-taxoterm above_title\"><a href='https:\/\/ostomizadosdeleme.org.br\/noticias\/category\/sem-categoria\/' title='Sem categoria' class='pt-cv-tax-sem-categoria'>Sem categoria<\/a><\/div>\n<h4 class=\"pt-cv-title\"><a href=\"https:\/\/ostomizadosdeleme.org.br\/noticias\/2025\/08\/25\/bazar-solidario-da-associacao-dos-ostomizados-de-leme-sua-doacao-transforma-vidas\/\" class=\"_blank\" target=\"_blank\" >Bazar Solid\u00e1rio da Associa\u00e7\u00e3o dos Ostomizados de Leme: sua doa\u00e7\u00e3o transforma vidas<\/a><\/h4>\n<div class=\"pt-cv-content\">A Associa\u00e7\u00e3o dos Ostomizados de Leme (AOdL) mant\u00e9m, ao longo do ano, um Bazar Solid\u00e1rio que \u00e9 fundamental para o ...<br \/><div class=\"pt-cv-rmwrap\"><a href=\"https:\/\/ostomizadosdeleme.org.br\/noticias\/2025\/08\/25\/bazar-solidario-da-associacao-dos-ostomizados-de-leme-sua-doacao-transforma-vidas\/\" class=\"_blank pt-cv-readmore btn btn-success\" target=\"_blank\">Leia Mais<\/a><\/div><\/div><\/div><\/div>\n<div class=\"col-md-4 col-sm-12 col-xs-12 pt-cv-content-item pt-cv-1-col\" ><div class='pt-cv-ifield'><a href=\"https:\/\/ostomizadosdeleme.org.br\/noticias\/2025\/08\/25\/associacao-dos-ostomizados-de-leme-seis-anos-de-apoio-inclusao-e-acolhimento\/\" class=\"_blank pt-cv-href-thumbnail pt-cv-thumb-default\" target=\"_blank\" ><img decoding=\"async\" width=\"640\" height=\"400\" src=\"https:\/\/ostomizadosdeleme.org.br\/noticias\/wp-content\/uploads\/2025\/08\/518215994_1202664348278104_8843885152038123755_n-640x400.jpg\" class=\"pt-cv-thumbnail\" alt=\"\" srcset=\"https:\/\/ostomizadosdeleme.org.br\/noticias\/wp-content\/uploads\/2025\/08\/518215994_1202664348278104_8843885152038123755_n-640x400.jpg 640w, https:\/\/ostomizadosdeleme.org.br\/noticias\/wp-content\/uploads\/2025\/08\/518215994_1202664348278104_8843885152038123755_n-480x300.jpg 480w\" sizes=\"(max-width: 640px) 100vw, 640px\" \/><\/a>\n<div class=\"pt-cv-taxoterm above_title\"><a href='https:\/\/ostomizadosdeleme.org.br\/noticias\/category\/sem-categoria\/' title='Sem categoria' class='pt-cv-tax-sem-categoria'>Sem categoria<\/a><\/div>\n<h4 class=\"pt-cv-title\"><a href=\"https:\/\/ostomizadosdeleme.org.br\/noticias\/2025\/08\/25\/associacao-dos-ostomizados-de-leme-seis-anos-de-apoio-inclusao-e-acolhimento\/\" class=\"_blank\" target=\"_blank\" >Associa\u00e7\u00e3o dos Ostomizados de Leme: seis anos de apoio, inclus\u00e3o e acolhimento<\/a><\/h4>\n<div class=\"pt-cv-content\">Fundada em 6 de julho de 2018, a Associa\u00e7\u00e3o dos Ostomizados de Leme (AOdL) nasceu do esfor\u00e7o de pacientes ostomizados ...<br \/><div class=\"pt-cv-rmwrap\"><a href=\"https:\/\/ostomizadosdeleme.org.br\/noticias\/2025\/08\/25\/associacao-dos-ostomizados-de-leme-seis-anos-de-apoio-inclusao-e-acolhimento\/\" class=\"_blank pt-cv-readmore btn btn-success\" target=\"_blank\">Leia Mais<\/a><\/div><\/div><\/div><\/div><\/div><\/div><\/div>\n","protected":false},"excerpt":{"rendered":"","protected":false},"author":1,"featured_media":0,"parent":0,"menu_order":0,"comment_status":"closed","ping_status":"closed","template":"","meta":{"footnotes":""},"class_list":["post-74","page","type-page","status-publish","hentry"],"_links":{"self":[{"href":"https:\/\/ostomizadosdeleme.org.br\/noticias\/wp-json\/wp\/v2\/pages\/74","targetHints":{"allow":["GET"]}}],"collection":[{"href":"https:\/\/ostomizadosdeleme.org.br\/noticias\/wp-json\/wp\/v2\/pages"}],"about":[{"href":"https:\/\/ostomizadosdeleme.org.br\/noticias\/wp-json\/wp\/v2\/types\/page"}],"author":[{"embeddable":true,"href":"https:\/\/ostomizadosdeleme.org.br\/noticias\/wp-json\/wp\/v2\/users\/1"}],"replies":[{"embeddable":true,"href":"https:\/\/ostomizadosdeleme.org.br\/noticias\/wp-json\/wp\/v2\/comments?post=74"}],"version-history":[{"count":3,"href":"https:\/\/ostomizadosdeleme.org.br\/noticias\/wp-json\/wp\/v2\/pages\/74\/revisions"}],"predecessor-version":[{"id":114,"href":"https:\/\/ostomizadosdeleme.org.br\/noticias\/wp-json\/wp\/v2\/pages\/74\/revisions\/114"}],"wp:attachment":[{"href":"https:\/\/ostomizadosdeleme.org.br\/noticias\/wp-json\/wp\/v2\/media?parent=74"}],"curies":[{"name":"wp","href":"https:\/\/api.w.org\/{rel}","templated":true}]}}